{"id":227,"date":"2026-01-10T19:37:59","date_gmt":"2026-01-10T19:37:59","guid":{"rendered":"https:\/\/everywherecode.com\/?page_id=227"},"modified":"2026-04-02T11:45:45","modified_gmt":"2026-04-02T11:45:45","slug":"wordopolis","status":"publish","type":"page","link":"https:\/\/everywherecode.com\/de\/wordopolis\/","title":{"rendered":"Wordopolis"},"content":{"rendered":"<style>.kb-row-layout-id227_46997b-12 > .kt-row-column-wrap{align-content:start;}:where(.kb-row-layout-id227_46997b-12 > .kt-row-column-wrap) > .wp-block-kadence-column{justify-content:start;}.kb-row-layout-id227_46997b-12 > .kt-row-column-wrap{column-gap:var(--global-kb-gap-md, 2rem);row-gap:var(--global-kb-gap-md, 2rem);padding-top:var(--global-kb-spacing-sm, 1.5rem);padding-bottom:var(--global-kb-spacing-sm, 1.5rem);grid-template-columns:minmax(0, 1fr);}.kb-row-layout-id227_46997b-12 > .kt-row-layout-overlay{opacity:0.30;}@media all and (max-width: 1024px){.kb-row-layout-id227_46997b-12 > .kt-row-column-wrap{grid-template-columns:minmax(0, 1fr);}}@media all and (max-width: 767px){.kb-row-layout-id227_46997b-12 > .kt-row-column-wrap{grid-template-columns:minmax(0, 1fr);}}<\/style><div class=\"kb-row-layout-wrap kb-row-layout-id227_46997b-12 alignnone wp-block-kadence-rowlayout\"><div class=\"kt-row-column-wrap kt-has-1-columns kt-row-layout-equal kt-tab-layout-inherit kt-mobile-layout-row kt-row-valign-top\">\n<style>.kadence-column227_5d5033-8a > .kt-inside-inner-col,.kadence-column227_5d5033-8a > .kt-inside-inner-col:before{border-top-left-radius:0px;border-top-right-radius:0px;border-bottom-right-radius:0px;border-bottom-left-radius:0px;}.kadence-column227_5d5033-8a > .kt-inside-inner-col{column-gap:var(--global-kb-gap-sm, 1rem);}.kadence-column227_5d5033-8a > .kt-inside-inner-col{flex-direction:column;}.kadence-column227_5d5033-8a > .kt-inside-inner-col > .aligncenter{width:100%;}.kadence-column227_5d5033-8a > .kt-inside-inner-col:before{opacity:0.3;}.kadence-column227_5d5033-8a{position:relative;}@media all and (max-width: 1024px){.kadence-column227_5d5033-8a > .kt-inside-inner-col{flex-direction:column;justify-content:center;}}@media all and (max-width: 767px){.kadence-column227_5d5033-8a > .kt-inside-inner-col{flex-direction:column;justify-content:center;}}<\/style>\n<div class=\"wp-block-kadence-column kadence-column227_5d5033-8a\"><div class=\"kt-inside-inner-col\">\n<section class=\"wordopolis\">\n  <div class=\"wordopolis__container\">\n    <header class=\"wordopolis__header\">\n      <h1 class=\"wordopolis__title\">Wordopolis<\/h1>\n      <p class=\"wordopolis__subtitle\">\n        Offline-Wortspiele - T\u00e4gliche Herausforderungen - Mehrere Sprachen\n      <\/p>\n    <\/header>\n\n    <div class=\"wordopolis__grid\">\n      <div class=\"wordopolis__main\">\n        <p class=\"wordopolis__lead\">\n          <strong>Wordopolis<\/strong> ist eine schnelle, befriedigende Sammlung von Wortspielen, die Sie \u00fcberall spielen k\u00f6nnen - kein Konto, kein Durcheinander.\n          Trainieren Sie Ihren Wortschatz, sch\u00e4rfen Sie Ihre Musterf\u00e4higkeiten und genie\u00dfen Sie t\u00e4gliche R\u00e4tsel, die fair und deterministisch bleiben.\n        <\/p>\n\n        <ul class=\"wordopolis__list\">\n          <li><strong>Offline-zuerst:<\/strong> ohne Internet spielen - perfekt f\u00fcr Pendler und Reisende.<\/li>\n          <li><strong>T\u00e4gliche R\u00e4tsel:<\/strong> gleiche Herausforderung f\u00fcr alle, reproduzierbar und konsistent.<\/li>\n          <li><strong>Mehrere Sprachen:<\/strong> W\u00e4hlen Sie Ihre Spielsprache (unabh\u00e4ngig von der Ger\u00e4tesprache).<\/li>\n          <li><strong>Statistiken und Fortschritte:<\/strong> die lokal auf Ihrem Ger\u00e4t gespeichert sind.<\/li>\n        <\/ul>\n\n        <p class=\"wordopolis__muted\">\n          Suchst du nach einer schnellen Aufw\u00e4rm\u00fcbung f\u00fcr dein Gehirn oder nach einer tiefergehenden Wortsuche? Wordopolis hat einen Modus f\u00fcr Sie.\n        <\/p>\n\n        <div class=\"wordopolis__cta\">\n          <!-- Replace # with your store link -->\n          <a class=\"wordopolis__btn wordopolis__btn--primary\" href=\"#\">\n            Holen Sie es sich auf Google Play\n          <\/a>\n        <\/div>\n\n        <p class=\"wordopolis__fineprint\">\n          Keine Anmeldung erforderlich. Ihre Spieldaten bleiben auf Ihrem Ger\u00e4t.\n        <\/p>\n      <\/div>\n\n      <aside class=\"wordopolis__aside\">\n        <h2 class=\"wordopolis__asideTitle\">Warum Sie es lieben werden<\/h2>\n        <ul class=\"wordopolis__asideList\">\n          <li>Schnelle Runden, zufriedenstellende Gewinne<\/li>\n          <li>Saubere Benutzeroberfl\u00e4che mit adaptiven Layouts<\/li>\n          <li>Entworfen f\u00fcr Telefon und Tablet<\/li>\n          <li>Funktioniert hervorragend mit gro\u00dfen Texteinstellungen<\/li>\n        <\/ul>\n\n        <div class=\"wordopolis__spacer\"><\/div>\n\n        <div class=\"wordopolis__tip\">\n          <p class=\"wordopolis__tipLabel\">Tipp:<\/p>\n          <p class=\"wordopolis__tipText\">\n            Versuchen Sie die t\u00e4gliche Herausforderung und teilen Sie Ihre beste Serie mit Freunden.\n          <\/p>\n        <\/div>\n      <\/aside>\n    <\/div>\n\n    <div id=\"screenshots\" class=\"wordopolis__screenshots\">\n      <h2 class=\"wordopolis__screenshotsTitle\">Screenshots<\/h2>\n\n    <\/div>\n\n\n  <\/div>\n\n\n<style>.wp-block-kadence-advancedbtn.kt-btns227_1c0b2b-68, .site .entry-content .wp-block-kadence-advancedbtn.kt-btns227_1c0b2b-68, .wp-block-kadence-advancedbtn.kb-btns227_1c0b2b-68, .site .entry-content .wp-block-kadence-advancedbtn.kb-btns227_1c0b2b-68{margin-top:var(--global-kb-spacing-lg, 3rem);}.wp-block-kadence-advancedbtn.kb-btns227_1c0b2b-68{gap:var(--global-kb-gap-xs, 0.5rem );justify-content:center;align-items:center;}.kt-btns227_1c0b2b-68 .kt-button{font-weight:normal;font-style:normal;}.kt-btns227_1c0b2b-68 .kt-btn-wrap-0{margin-right:5px;}.wp-block-kadence-advancedbtn.kt-btns227_1c0b2b-68 .kt-btn-wrap-0 .kt-button{color:#555555;border-color:#555555;}.wp-block-kadence-advancedbtn.kt-btns227_1c0b2b-68 .kt-btn-wrap-0 .kt-button:hover, .wp-block-kadence-advancedbtn.kt-btns227_1c0b2b-68 .kt-btn-wrap-0 .kt-button:focus{color:#ffffff;border-color:#444444;}.wp-block-kadence-advancedbtn.kt-btns227_1c0b2b-68 .kt-btn-wrap-0 .kt-button::before{display:none;}.wp-block-kadence-advancedbtn.kt-btns227_1c0b2b-68 .kt-btn-wrap-0 .kt-button:hover, .wp-block-kadence-advancedbtn.kt-btns227_1c0b2b-68 .kt-btn-wrap-0 .kt-button:focus{background:#444444;}<\/style>\n<div class=\"wp-block-kadence-advancedbtn kb-buttons-wrap kb-btns227_1c0b2b-68\"><style>ul.menu .wp-block-kadence-advancedbtn .kb-btn227_553bb5-67.kb-button{width:initial;}.wp-block-kadence-advancedbtn .kb-btn227_553bb5-67.kb-button{border-top-left-radius:3px;border-top-right-radius:3px;border-bottom-right-radius:3px;border-bottom-left-radius:3px;border-top:2px solid var(--global-palette15, #3182CE);border-right:2px solid var(--global-palette15, #3182CE);border-bottom:2px solid var(--global-palette15, #3182CE);border-left:2px solid var(--global-palette15, #3182CE);box-shadow:0px 0px 60px 5px var(--global-palette15, #3182CE);}@media all and (max-width: 1024px){.wp-block-kadence-advancedbtn .kb-btn227_553bb5-67.kb-button{border-top:2px solid var(--global-palette15, #3182CE);border-right:2px solid var(--global-palette15, #3182CE);border-bottom:2px solid var(--global-palette15, #3182CE);border-left:2px solid var(--global-palette15, #3182CE);}}@media all and (max-width: 767px){.wp-block-kadence-advancedbtn .kb-btn227_553bb5-67.kb-button{border-top:2px solid var(--global-palette15, #3182CE);border-right:2px solid var(--global-palette15, #3182CE);border-bottom:2px solid var(--global-palette15, #3182CE);border-left:2px solid var(--global-palette15, #3182CE);}}<\/style><a class=\"kb-button kt-button button kb-btn227_553bb5-67 kt-btn-size-standard kt-btn-width-type-auto kb-btn-global-fill  kt-btn-has-text-true kt-btn-has-svg-false  wp-block-kadence-singlebtn\" href=\"https:\/\/everywherecode.com\/de\/wordopolis-game\/\" target=\"_blank\" rel=\"noreferrer noopener\"><span class=\"kt-btn-inner-text\">Wordopolis online spielen !!!<\/span><\/a><\/div>\n\n\n\n<div class=\"wp-block-columns is-layout-flex wp-container-core-columns-is-layout-9d6595d7 wp-block-columns-is-layout-flex\">\n<div class=\"wp-block-column is-layout-flow wp-block-column-is-layout-flow\"><div class=\"wp-block-image\">\n<figure class=\"aligncenter size-full is-resized\"><img decoding=\"async\" width=\"921\" height=\"2048\" src=\"https:\/\/everywherecode.com\/wp-content\/uploads\/2026\/02\/WhatsApp-Image-2026-02-04-at-08.30.10-2.jpeg\" alt=\"\" class=\"wp-image-281\" style=\"width:285px\" srcset=\"https:\/\/everywherecode.com\/wp-content\/uploads\/2026\/02\/WhatsApp-Image-2026-02-04-at-08.30.10-2.jpeg 921w, https:\/\/everywherecode.com\/wp-content\/uploads\/2026\/02\/WhatsApp-Image-2026-02-04-at-08.30.10-2-135x300.jpeg 135w, https:\/\/everywherecode.com\/wp-content\/uploads\/2026\/02\/WhatsApp-Image-2026-02-04-at-08.30.10-2-461x1024.jpeg 461w, https:\/\/everywherecode.com\/wp-content\/uploads\/2026\/02\/WhatsApp-Image-2026-02-04-at-08.30.10-2-768x1708.jpeg 768w, https:\/\/everywherecode.com\/wp-content\/uploads\/2026\/02\/WhatsApp-Image-2026-02-04-at-08.30.10-2-691x1536.jpeg 691w, https:\/\/everywherecode.com\/wp-content\/uploads\/2026\/02\/WhatsApp-Image-2026-02-04-at-08.30.10-2-5x12.jpeg 5w\" sizes=\"(max-width: 921px) 100vw, 921px\" \/><\/figure>\n<\/div><\/div>\n\n\n\n<div class=\"wp-block-column is-layout-flow wp-block-column-is-layout-flow\"><div class=\"wp-block-image\">\n<figure class=\"aligncenter size-full is-resized\"><img decoding=\"async\" width=\"921\" height=\"2048\" src=\"https:\/\/everywherecode.com\/wp-content\/uploads\/2026\/02\/WhatsApp-Image-2026-02-04-at-08.30.12.jpeg\" alt=\"\" class=\"wp-image-283\" style=\"width:285px\" srcset=\"https:\/\/everywherecode.com\/wp-content\/uploads\/2026\/02\/WhatsApp-Image-2026-02-04-at-08.30.12.jpeg 921w, https:\/\/everywherecode.com\/wp-content\/uploads\/2026\/02\/WhatsApp-Image-2026-02-04-at-08.30.12-135x300.jpeg 135w, https:\/\/everywherecode.com\/wp-content\/uploads\/2026\/02\/WhatsApp-Image-2026-02-04-at-08.30.12-461x1024.jpeg 461w, https:\/\/everywherecode.com\/wp-content\/uploads\/2026\/02\/WhatsApp-Image-2026-02-04-at-08.30.12-768x1708.jpeg 768w, https:\/\/everywherecode.com\/wp-content\/uploads\/2026\/02\/WhatsApp-Image-2026-02-04-at-08.30.12-691x1536.jpeg 691w, https:\/\/everywherecode.com\/wp-content\/uploads\/2026\/02\/WhatsApp-Image-2026-02-04-at-08.30.12-5x12.jpeg 5w\" sizes=\"(max-width: 921px) 100vw, 921px\" \/><\/figure>\n<\/div><\/div>\n\n\n\n<div class=\"wp-block-column is-layout-flow wp-block-column-is-layout-flow\"><div class=\"wp-block-image\">\n<figure class=\"aligncenter size-full is-resized\"><img decoding=\"async\" width=\"921\" height=\"2048\" src=\"https:\/\/everywherecode.com\/wp-content\/uploads\/2026\/02\/WhatsApp-Image-2026-02-04-at-08.30.13-2.jpeg\" alt=\"\" class=\"wp-image-282\" style=\"object-fit:cover;width:285px;height:auto\" srcset=\"https:\/\/everywherecode.com\/wp-content\/uploads\/2026\/02\/WhatsApp-Image-2026-02-04-at-08.30.13-2.jpeg 921w, https:\/\/everywherecode.com\/wp-content\/uploads\/2026\/02\/WhatsApp-Image-2026-02-04-at-08.30.13-2-135x300.jpeg 135w, https:\/\/everywherecode.com\/wp-content\/uploads\/2026\/02\/WhatsApp-Image-2026-02-04-at-08.30.13-2-461x1024.jpeg 461w, https:\/\/everywherecode.com\/wp-content\/uploads\/2026\/02\/WhatsApp-Image-2026-02-04-at-08.30.13-2-768x1708.jpeg 768w, https:\/\/everywherecode.com\/wp-content\/uploads\/2026\/02\/WhatsApp-Image-2026-02-04-at-08.30.13-2-691x1536.jpeg 691w, https:\/\/everywherecode.com\/wp-content\/uploads\/2026\/02\/WhatsApp-Image-2026-02-04-at-08.30.13-2-5x12.jpeg 5w\" sizes=\"(max-width: 921px) 100vw, 921px\" \/><\/figure>\n<\/div><\/div>\n<\/div>\n\n\n<style>.wp-block-kadence-advancedbtn.kb-btns227_7e50a2-3d{gap:var(--global-kb-gap-xs, 0.5rem );justify-content:center;align-items:center;}.kt-btns227_7e50a2-3d .kt-button{font-weight:normal;font-style:normal;}.kt-btns227_7e50a2-3d .kt-btn-wrap-0{margin-right:5px;}.wp-block-kadence-advancedbtn.kt-btns227_7e50a2-3d .kt-btn-wrap-0 .kt-button{color:#555555;border-color:#555555;}.wp-block-kadence-advancedbtn.kt-btns227_7e50a2-3d .kt-btn-wrap-0 .kt-button:hover, .wp-block-kadence-advancedbtn.kt-btns227_7e50a2-3d .kt-btn-wrap-0 .kt-button:focus{color:#ffffff;border-color:#444444;}.wp-block-kadence-advancedbtn.kt-btns227_7e50a2-3d .kt-btn-wrap-0 .kt-button::before{display:none;}.wp-block-kadence-advancedbtn.kt-btns227_7e50a2-3d .kt-btn-wrap-0 .kt-button:hover, .wp-block-kadence-advancedbtn.kt-btns227_7e50a2-3d .kt-btn-wrap-0 .kt-button:focus{background:#444444;}<\/style>\n<div class=\"wp-block-kadence-advancedbtn kb-buttons-wrap kb-btns227_7e50a2-3d\"><style>ul.menu .wp-block-kadence-advancedbtn .kb-btn227_c15391-9a.kb-button{width:initial;}.wp-block-kadence-advancedbtn .kb-btn227_c15391-9a.kb-button{background:rgba(0,0,0,0);border-top:2px solid var(--global-palette8, #F7FAFC);border-right:2px solid var(--global-palette8, #F7FAFC);border-bottom:2px solid var(--global-palette8, #F7FAFC);border-left:2px solid var(--global-palette8, #F7FAFC);}@media all and (max-width: 1024px){.wp-block-kadence-advancedbtn .kb-btn227_c15391-9a.kb-button{border-top:2px solid var(--global-palette8, #F7FAFC);border-right:2px solid var(--global-palette8, #F7FAFC);border-bottom:2px solid var(--global-palette8, #F7FAFC);border-left:2px solid var(--global-palette8, #F7FAFC);}}@media all and (max-width: 767px){.wp-block-kadence-advancedbtn .kb-btn227_c15391-9a.kb-button{border-top:2px solid var(--global-palette8, #F7FAFC);border-right:2px solid var(--global-palette8, #F7FAFC);border-bottom:2px solid var(--global-palette8, #F7FAFC);border-left:2px solid var(--global-palette8, #F7FAFC);}}<\/style><a class=\"kb-button kt-button button kb-btn227_c15391-9a kt-btn-size-standard kt-btn-width-type-auto kb-btn-global-fill  kt-btn-has-text-true kt-btn-has-svg-false  wp-block-kadence-singlebtn\" href=\"https:\/\/everywherecode.com\/de\/datenschutzbestimmungen-wordopolis\/\" target=\"_blank\" rel=\"noreferrer noopener\"><span class=\"kt-btn-inner-text\">Datenschutzbestimmungen<\/span><\/a><\/div>\n\n\n\n<footer class=\"wordopolis__footer\">\n      <p class=\"wordopolis__footerText\">\n        \u00a9 Wordopolis - Offline-Wortspiele f\u00fcr den schnellen t\u00e4glichen Spa\u00df.\n      <\/p>\n    <\/footer>\n<\/section>\n\n\n\n<style>\n\n\/* Wordopolis block *\/\n.wordopolis {\n  font-family: system-ui, -apple-system, \"Segoe UI\", Roboto, Arial, sans-serif;\n  line-height: 1.55;\n  padding: 28px 0;\n}\n\n.wordopolis__container {\n  max-width: 980px;\n  margin: 0 auto;\n  padding: 0 18px;\n}\n\n.wordopolis__header {\n  margin-bottom: 18px;\n}\n\n.wordopolis__title {\n  margin: 0 0 8px;\n  font-size: 34px;\n  letter-spacing: -0.02em;\n}\n\n.wordopolis__subtitle {\n  margin: 0;\n  color: #fff;\n  font-size: 16px;\n}\n\n.wordopolis__grid {\n  display: grid;\n  grid-template-columns: 1.2fr 0.8fr;\n  gap: 18px;\n  align-items: start;\n}\n\n\/* Main text *\/\n.wordopolis__lead {\n  margin: 0 0 14px;\n  font-size: 17px;\n}\n\n.wordopolis__list {\n  margin: 0 0 16px;\n  padding-left: 18px;\n}\n\n.wordopolis__muted {\n  margin: 0 0 18px;\n  color: #fff;\n}\n\n.wordopolis__cta {\n  display: flex;\n  gap: 10px;\n  flex-wrap: wrap;\n}\n\n.wordopolis__btn {\n  display: inline-block;\n  padding: 11px 14px;\n  border-radius: 12px;\n  text-decoration: none;\n  font-weight: 600;\n}\n\n.wordopolis__btn--primary {\n  background: #111;\n  color: #fff;\n}\n\n.wordopolis__btn--ghost {\n  border: 1px solid #ddd;\n  color: #111;\n  background: transparent;\n}\n\n.wordopolis__fineprint {\n  margin: 14px 0 0;\n  font-size: 13px;\n  color: #fff;\n}\n\n\/* Aside *\/\n.wordopolis__aside {\n  border: 1px solid #eee;\n  border-radius: 16px;\n  padding: 16px;\n  background: #fafafa;\n}\n\n.wordopolis__asideTitle {\n  margin: 0 0 10px;\n  font-size: 18px;\n  color: #000;\n}\n\n.wordopolis__asideList {\n  margin: 0;\n  padding-left: 18px;\n  color: #333;\n}\n\n.wordopolis__spacer {\n  height: 12px;\n}\n\n.wordopolis__tip {\n  border-top: 1px solid #e9e9e9;\n  padding-top: 12px;\n}\n\n.wordopolis__tipLabel {\n  margin: 0 0 6px;\n  font-size: 13px;\n  color: #777;\n}\n\n.wordopolis__tipText {\n  margin: 0;\n  font-size: 14px;\n  color: #000;\n}\n\n\/* Screenshots *\/\n.wordopolis__screenshots {\n  margin-top: 26px;\n}\n\n.wordopolis__screenshotsTitle {\n  margin: 0 0 10px;\n  font-size: 20px;\n}\n\n.wordopolis__screenshotsSubtitle {\n  margin: 0 0 12px;\n  color: #fff;\n}\n\n.wordopolis__shotGrid {\n  display: grid;\n  grid-template-columns: repeat(3, 1fr);\n  gap: 10px;\n}\n\n.wordopolis__shotPlaceholder {\n  border: 1px dashed #ccc;\n  border-radius: 14px;\n  height: 220px;\n}\n\n\/* Footer *\/\n.wordopolis__footer {\n  margin-top: 28px;\n  padding-top: 16px;\n  border-top: 1px solid #eee;\n  color: #666;\n  font-size: 13px;\n}\n\n.wordopolis__footerText {\n  margin: 0;\n  color: #fff;\n}\n\n\/* Responsive *\/\n@media (max-width: 820px) {\n  .wordopolis__grid {\n    grid-template-columns: 1fr;\n  }\n\n  .wordopolis__shotGrid {\n    grid-template-columns: 1fr;\n  }\n\n  .wordopolis__shotPlaceholder {\n    height: 200px;\n  }\n}\ndiv.wordopolis__cta{\n  margin-bottom: 20px;\n}\n\n\n<\/style>\n\n\n<style>.wp-block-kadence-advancedbtn.kt-btns227_0b89b2-18, .site .entry-content .wp-block-kadence-advancedbtn.kt-btns227_0b89b2-18, .wp-block-kadence-advancedbtn.kb-btns227_0b89b2-18, .site .entry-content .wp-block-kadence-advancedbtn.kb-btns227_0b89b2-18{margin-top:var(--global-kb-spacing-lg, 3rem);}.wp-block-kadence-advancedbtn.kb-btns227_0b89b2-18{gap:var(--global-kb-gap-xs, 0.5rem );justify-content:center;align-items:center;}.kt-btns227_0b89b2-18 .kt-button{font-weight:normal;font-style:normal;}.kt-btns227_0b89b2-18 .kt-btn-wrap-0{margin-right:5px;}.wp-block-kadence-advancedbtn.kt-btns227_0b89b2-18 .kt-btn-wrap-0 .kt-button{color:#555555;border-color:#555555;}.wp-block-kadence-advancedbtn.kt-btns227_0b89b2-18 .kt-btn-wrap-0 .kt-button:hover, .wp-block-kadence-advancedbtn.kt-btns227_0b89b2-18 .kt-btn-wrap-0 .kt-button:focus{color:#ffffff;border-color:#444444;}.wp-block-kadence-advancedbtn.kt-btns227_0b89b2-18 .kt-btn-wrap-0 .kt-button::before{display:none;}.wp-block-kadence-advancedbtn.kt-btns227_0b89b2-18 .kt-btn-wrap-0 .kt-button:hover, .wp-block-kadence-advancedbtn.kt-btns227_0b89b2-18 .kt-btn-wrap-0 .kt-button:focus{background:#444444;}<\/style>\n<div class=\"wp-block-kadence-advancedbtn kb-buttons-wrap kb-btns227_0b89b2-18\"><style>ul.menu .wp-block-kadence-advancedbtn .kb-btn227_7df830-3d.kb-button{width:initial;}.wp-block-kadence-advancedbtn .kb-btn227_7df830-3d.kb-button{border-top-left-radius:3px;border-top-right-radius:3px;border-bottom-right-radius:3px;border-bottom-left-radius:3px;border-top:2px solid var(--global-palette15, #3182CE);border-right:2px solid var(--global-palette15, #3182CE);border-bottom:2px solid var(--global-palette15, #3182CE);border-left:2px solid var(--global-palette15, #3182CE);box-shadow:0px 0px 60px 5px var(--global-palette15, #3182CE);}@media all and (max-width: 1024px){.wp-block-kadence-advancedbtn .kb-btn227_7df830-3d.kb-button{border-top:2px solid var(--global-palette15, #3182CE);border-right:2px solid var(--global-palette15, #3182CE);border-bottom:2px solid var(--global-palette15, #3182CE);border-left:2px solid var(--global-palette15, #3182CE);}}@media all and (max-width: 767px){.wp-block-kadence-advancedbtn .kb-btn227_7df830-3d.kb-button{border-top:2px solid var(--global-palette15, #3182CE);border-right:2px solid var(--global-palette15, #3182CE);border-bottom:2px solid var(--global-palette15, #3182CE);border-left:2px solid var(--global-palette15, #3182CE);}}<\/style><a class=\"kb-button kt-button button kb-btn227_7df830-3d kt-btn-size-standard kt-btn-width-type-auto kb-btn-global-fill  kt-btn-has-text-true kt-btn-has-svg-false  wp-block-kadence-singlebtn\" href=\"https:\/\/everywherecode.com\/de\/wordopolis-game\/\" target=\"_blank\" rel=\"noreferrer noopener\"><span class=\"kt-btn-inner-text\"><strong>Wordopolis online spielen !!!<\/strong><\/span><\/a><\/div>\n<\/div><\/div>\n\n<\/div><\/div>\n\n\n<script type=\"application\/ld+json\">{\n    \"@context\": \"https:\\\/\\\/schema.org\",\n    \"@type\": \"SoftwareApplication\",\n    \"name\": \"Wordopolis\",\n    \"operatingSystem\": \"iOS, Android\",\n    \"applicationCategory\": \"GameApplication\",\n    \"genre\": \"Word Puzzle, Brain Training\",\n    \"offers\": {\n        \"@type\": \"Offer\",\n        \"price\": \"0\",\n        \"priceCurrency\": \"EUR\"\n    },\n    \"description\": \"Addictive daily word puzzle games, 4 diferents puzzles games to play.\"\n}<\/script>","protected":false},"excerpt":{"rendered":"<p>Wordopolis Offline-Wortspiele - T\u00e4gliche Herausforderungen - Mehrere Sprachen Wordopolis ist eine schnelle, befriedigende Sammlung von Wortspielen, die Sie \u00fcberall spielen k\u00f6nnen - kein Konto, kein Durcheinander. Trainieren Sie Ihren Wortschatz, sch\u00e4rfen Sie Ihre Musterf\u00e4higkeiten und genie\u00dfen Sie t\u00e4gliche R\u00e4tsel, die fair und deterministisch bleiben. Offline-first: Spielen Sie ohne Internet - perfekt f\u00fcr Pendler und Reisende. T\u00e4glich...<\/p>","protected":false},"author":1,"featured_media":0,"parent":0,"menu_order":0,"comment_status":"closed","ping_status":"closed","template":"","meta":{"_kad_post_transparent":"","_kad_post_title":"","_kad_post_layout":"","_kad_post_sidebar_id":"","_kad_post_content_style":"","_kad_post_vertical_padding":"","_kad_post_feature":"","_kad_post_feature_position":"","_kad_post_header":false,"_kad_post_footer":false,"_kad_post_classname":"","footnotes":""},"class_list":["post-227","page","type-page","status-publish","hentry"],"_links":{"self":[{"href":"https:\/\/everywherecode.com\/de\/wp-json\/wp\/v2\/pages\/227","targetHints":{"allow":["GET"]}}],"collection":[{"href":"https:\/\/everywherecode.com\/de\/wp-json\/wp\/v2\/pages"}],"about":[{"href":"https:\/\/everywherecode.com\/de\/wp-json\/wp\/v2\/types\/page"}],"author":[{"embeddable":true,"href":"https:\/\/everywherecode.com\/de\/wp-json\/wp\/v2\/users\/1"}],"replies":[{"embeddable":true,"href":"https:\/\/everywherecode.com\/de\/wp-json\/wp\/v2\/comments?post=227"}],"version-history":[{"count":43,"href":"https:\/\/everywherecode.com\/de\/wp-json\/wp\/v2\/pages\/227\/revisions"}],"predecessor-version":[{"id":391,"href":"https:\/\/everywherecode.com\/de\/wp-json\/wp\/v2\/pages\/227\/revisions\/391"}],"wp:attachment":[{"href":"https:\/\/everywherecode.com\/de\/wp-json\/wp\/v2\/media?parent=227"}],"curies":[{"name":"wp","href":"https:\/\/api.w.org\/{rel}","templated":true}]}}