{"id":340,"date":"2026-04-02T10:31:03","date_gmt":"2026-04-02T10:31:03","guid":{"rendered":"https:\/\/everywherecode.com\/"},"modified":"2026-04-02T11:39:02","modified_gmt":"2026-04-02T11:39:02","slug":"overslapwords-instructions","status":"publish","type":"page","link":"https:\/\/everywherecode.com\/es\/overslapwords-instructions\/","title":{"rendered":"OverSlapWords"},"content":{"rendered":"<!DOCTYPE html>\n<html lang=\"en\">\n<head>\n    <meta charset=\"UTF-8\">\n    <meta name=\"viewport\" content=\"width=device-width, initial-scale=1.0\">\n    <title>OverslapWords &#8211; Word Puzzles &#038; Daily Challenges<\/title>\n    <link rel=\"stylesheet\" href=\"style.css\">\n    <link href=\"https:\/\/fonts.googleapis.com\/css2?family=Outfit:wght@300;400;600;800&#038;display=swap\" rel=\"stylesheet\">\n<script type=\"application\/ld+json\">{\n    \"@context\": \"https:\\\/\\\/schema.org\",\n    \"@type\": \"SoftwareApplication\",\n    \"name\": \"Overslap Words\",\n    \"operatingSystem\": \"iOS, Android\",\n    \"applicationCategory\": \"GameApplication\",\n    \"genre\": \"Word Puzzle, Brain Training\",\n    \"offers\": {\n        \"@type\": \"Offer\",\n        \"price\": \"0\",\n        \"priceCurrency\": \"USD\"\n    },\n    \"description\": \"Addictive daily word puzzle game featuring overlapping words, anagrams, and hidden minigames.\"\n}<\/script>\n<\/head>\n<body>\n\n    <!-- Hero Section -->\n    <header class=\"hero\">\n        <div class=\"container\">\n            <h1 class=\"logo-title\">OverslapWords<\/h1>\n            <h2 class=\"subtitle\">Sopas de letras y desaf\u00edos diarios<\/h2>\n            <p class=\"hero-description\">Addictive word puzzles with endless possibilities. Train your brain with OverslapWords.<\/p>\n            <h3>Comming Soon<\/h3>\n            <div class=\"store-buttons\">\n                <a href=\"#\" class=\"store-btn apple\">Descargar en la App Store<\/a>\n                <a href=\"#\" class=\"store-btn android\">Cons\u00edguelo en Google Play<\/a>\n            <\/div>  \n        <\/div>\n    <\/header>\n\n    <!-- Intro Section -->\n    <section class=\"intro\">\n        <div class=\"container\">\n            <h2>Bienvenido a la experiencia de puzzle definitiva<\/h2>\n            <p>Where letters connect and minds expand. OverslapWords offers a unique, challenging collection of word and brain puzzles designed to test your vocabulary every day.<\/p>\n        <\/div>\n    <\/section>\n\n    <!-- Features Section -->\n    <section class=\"features\">\n        <div class=\"container\">\n            <h2 class=\"section-title\">Caracter\u00edsticas<\/h2>\n            <div class=\"feature-grid\">\n                <div class=\"feature-card\">\n                    <span class=\"icon\">\ud83d\udcc5<\/span>\n                    <h3>Desaf\u00edos diarios<\/h3>\n                    <p>Mant\u00e9n viva tu racha y desaf\u00eda tu mente con intensos rompecabezas diarios.<\/p>\n                <\/div>\n                <div class=\"feature-card\">\n                    <span class=\"icon\">\ud83d\udd20<\/span>\n                    <h3>Palabras que se solapan<\/h3>\n                    <p>Domina las palabras superpuestas y descubre ingeniosos anagramas.<\/p>\n                <\/div>\n                <!-- \u00a1Esta es la tarjeta actualizada de los minijuegos! -->\n                <div class=\"feature-card\">\n                    <span class=\"icon\">\ud83c\udfae<\/span>\n                    <h3>Hidden Minigames<\/h3>\n                    <p>Unlock and discover secret minigames as you progress through your word-building journey.<\/p>\n                <\/div>\n                <div class=\"feature-card\">\n                    <span class=\"icon\">\ud83c\udfc6<\/span>\n                    <h3>Progresi\u00f3n y objetivos<\/h3>\n                    <p>Consigue logros a medida que avances y alcances nuevos hitos de vocabulario.<\/p>\n                <\/div>\n            <\/div>\n        <\/div>\n    <\/section>\n\n    <!-- How to Play Section -->\n    <section class=\"how-to-play\" id=\"how-to-play\">\n        <div class=\"container\">\n            <h2 class=\"section-title\">C\u00f3mo jugar<\/h2>\n            <p class=\"how-to-subtitle\">Master OverslapWords in three simple steps<\/p>\n            \n            <div class=\"steps-container\">\n                <div class=\"step-card\">\n                    <div class=\"step-number\">1<\/div>\n                    <h3>Conectar cartas<\/h3>\n                    <p>Desliza el dedo por las letras para formar palabras. Encuentra las palabras clave ocultas para despejar el tablero.<\/p>\n                <\/div>\n                <div class=\"step-card\">\n                    <div class=\"step-number\">2<\/div>\n                    <h3>Palabras solapadas<\/h3>\n                    <p>\u00a1Aqu\u00ed es donde ocurre la magia! Utiliza letras de palabras ya colocadas para crear nuevas palabras que se crucen y multiplicar tus puntos.<\/p>\n                <\/div>\n                <div class=\"step-card\">\n                    <div class=\"step-number\">3<\/div>\n                    <h3>Resolver y conquistar<\/h3>\n                    <p>Completa los objetivos espec\u00edficos de cada nivel, encuentra palabras de bonificaci\u00f3n secretas y supera el desaf\u00edo diario para ganar recompensas.<\/p>\n                <\/div>\n            <\/div>\n        <\/div>\n    <\/section>\n\n    <!-- Benefits Section -->\n    <section class=\"benefits\">\n        <div class=\"container\">\n            <h2>\ud83e\udde0 El entrenamiento cerebral hecho diversi\u00f3n<\/h2>\n            <p class=\"benefits-description\">Agudiza tu vocabulario, mejora tu ortograf\u00eda y aumenta tu concentraci\u00f3n con atractivas sesiones diarias.<\/p>\n            <ul class=\"benefits-list\">\n                <li><span>\ud83c\udfaf<\/span> Perfecto para todos los niveles<\/li>\n                <li><span>\ud83c\udf0d<\/span> Diccionarios cuidadosamente seleccionados<\/li>\n            <\/ul>\n        <\/div>\n    <\/section>\n\n    <!-- Footer \/ Download -->\n    <div id=\"download\" class=\"footer\">\n        <div class=\"container\">\n            <h2>\u00bfListo para ampliar tu vocabulario?<\/h2>\n            <p>Empieza a conectar palabras hoy mismo.<\/p>\n            <h3>Comming Soon<\/h3>\n            <div class=\"store-buttons\">\n                <a href=\"#\" class=\"store-btn apple\">Descargar en la App Store<\/a>\n                <a href=\"#\" class=\"store-btn android\">Cons\u00edguelo en Google Play<\/a>\n            <\/div>            \n        <\/div>\n    <\/div>\n\n<\/body>\n<\/html>\n\n\n\n<style>\n\n\/* --- Reseteo b\u00e1sico --- *\/\n* {\n    margin: 0;\n    padding: 0;\n    box-sizing: border-box;\n}\n\nbody {\n    \/* Mismo sistema de fuentes que el CSS de referencia (muy limpio) *\/\n    font-family: system-ui, -apple-system, \"Segoe UI\", Roboto, Arial, sans-serif;\n    line-height: 1.55;\n    color: #111;\n    background-color: #fff;\n    -webkit-font-smoothing: antialiased;\n}\n\n\/* --- Contenedor Principal (id\u00e9ntico a wordopolis__container) --- *\/\n.container {\n    max-width: 980px;\n    margin: 0 auto;\n    padding: 0 18px;\n}\n\n\/* --- Secciones (Usando el padding ajustado de 28px de Wordopolis) --- *\/\nsection, .hero, .footer {\n    padding: 28px 0;\n}\n\n\/* Opcional: L\u00ednea sutil divisora entre algunas secciones *\/\n.features, .how-to-play, .benefits, .footer {\n    border-top: 1px solid #eee;\n}\n\n\/* --- Hero Section --- *\/\n.hero {\n    text-align: center;\n    padding-top: 40px; \n    padding-bottom: 28px;\n}\n\n.logo-title {\n    margin: 0 0 8px;\n    font-size: 34px;\n    letter-spacing: -0.02em;\n    font-weight: 800;\n}\n\n.subtitle {\n    margin: 0 0 16px;\n    font-size: 18px;\n    color: #fff; \/* En lugar del blanco que no se le\u00eda *\/\n    font-weight: 400;\n}\n\n.hero-description {\n    font-size: 17px;\n    max-width: 600px;\n    margin: 0 auto 20px auto;\n    color: #fff;\n}\n\n\/* --- Intro Section --- *\/\n.intro {\n    text-align: center;\n}\n\n.intro h2 {\n    font-size: 24px;\n    letter-spacing: -0.01em;\n    margin-bottom: 10px;\n}\n\n.intro p {\n    font-size: 16px;\n    color: #fff;\n    max-width: 700px;\n    margin: 0 auto;\n}\n\n\/* --- T\u00edtulos de Secci\u00f3n Generales --- *\/\n.section-title {\n    font-size: 24px;\n    letter-spacing: -0.01em;\n    margin: 0 0 18px;\n}\n\n\/* --- Features (El equivalente al aside\/cards de Wordopolis) --- *\/\n.feature-grid {\n    display: grid;\n    \/* Grid gap de 18px para asemejarse al grid de Wordopolis *\/\n    grid-template-columns: repeat(auto-fit, minmax(220px, 1fr));\n    gap: 18px;\n}\n\n.feature-card {\n    \/* Estilo id\u00e9ntico a .wordopolis__aside *\/\n    border: 1px solid #eee;\n    border-radius: 16px;\n    padding: 16px;\n    background: #fafafa;\n}\n\n.feature-card .icon {\n    display: block;\n    font-size: 24px;\n    margin-bottom: 10px;\n}\n\n.feature-card h3 {\n    margin: 0 0 8px;\n    font-size: 18px;\n    color: #000;\n}\n\n.feature-card p {\n    margin: 0;\n    font-size: 14px;\n    color: #000;\n}\n\n\/* --- How to play --- *\/\n.how-to-subtitle {\n    font-size: 16px;\n    color: #fff;\n    margin-top: -10px;\n    margin-bottom: 18px;\n}\n\n.steps-container {\n    display: grid;\n    grid-template-columns: repeat(auto-fit, minmax(220px, 1fr));\n    gap: 18px;\n}\n\n.step-card {\n    border: 1px solid #eee;\n    border-radius: 16px;\n    padding: 16px;\n    background: #fafafa;\n}\n\n.step-number {\n    \/* Estilo id\u00e9ntico al .wordopolis__tipLabel *\/\n    font-size: 13px;\n    color: #000;\n    font-weight: 600;\n    margin-bottom: 12px;\n    border-bottom: 1px solid #e9e9e9;\n    padding-bottom: 8px;\n}\n\n.step-card h3 {\n    margin: 0 0 8px;\n    font-size: 18px;\n    color: #000;\n}\n\n.step-card p {\n    margin: 0;\n    font-size: 14px;\n    color: #000;\n}\n\n\/* --- Benefits --- *\/\n.benefits h2 {\n    font-size: 24px;\n    margin-bottom: 12px;\n}\n\n.benefits-description {\n    font-size: 16px;\n    margin-bottom: 18px;\n    color: #fff;\n}\n\n\n.benefits-list {\n    list-style: none;\n    padding-left: 18px;\n}\n\n.benefits-list li {\n    font-size: 15px;\n    color: #fff;\n    margin-bottom: 8px;\n}\n\n\/* --- Botones (Id\u00e9nticos al wordopolis__btn) --- *\/\n.cta-button {\n    display: inline-block;\n    padding: 11px 16px;\n    border-radius: 12px;\n    text-decoration: none;\n    font-weight: 600;\n    background: #111;\n    color: #fff;\n    font-size: 15px;\n    margin-top: 10px;\n}\n\n.store-buttons {\n    display: flex;\n    gap: 10px;\n    flex-wrap: wrap;\n    justify-content: center;\n}\n\n.store-btn {\n    display: inline-block;\n    padding: 11px 16px;\n    border-radius: 12px;\n    text-decoration: none;\n    font-weight: 600;\n    font-size: 15px;\n}\n\n.store-btn.apple {\n    border: 1px solid #ddd;\n    background: #111;\n    color: #fff;\n}\n\n.store-btn.android {\n    \/* Estilo fantasma de Wordopolis *\/\n    border: 1px solid #ddd;\n    color: #fff;\n    background: transparent;\n}\n\n\/* --- Footer --- *\/\n.footer {\n    text-align: center;\n    margin-top: 10px;\n}\n\n.footer h2 {\n    font-size: 24px;\n    margin-bottom: 8px;\n}\n\n.footer p {\n    font-size: 16px;\n    color: #fff;\n    margin-bottom: 18px;\n}\n\n.footer h3 {\n    font-size: 13px;\n    color: #fff;\n    text-transform: uppercase;\n    letter-spacing: 0.05em;\n    margin-bottom: 12px;\n}\n\n\/* --- Modo responsivo para m\u00f3viles --- *\/\n@media (max-width: 820px) {\n    .feature-grid, .steps-container {\n        grid-template-columns: 1fr;\n    }\n}\n\n\n<\/style>\n\n\n<style>.wp-block-kadence-advancedgallery.kb-gallery-wrap-id-340_473e9d-01{overflow:hidden;}.kb-gallery-id-340_473e9d-01 .kadence-blocks-gallery-item .kb-gal-image-radius, .kb-gallery-id-340_473e9d-01 .kb-slide-item .kb-gal-image-radius img{border-radius:0px 0px 0px 0px;;}.kb-gallery-wrap-id-340_473e9d-01.wp-block-kadence-advancedgallery{overflow:visible;}.kb-gallery-wrap-id-340_473e9d-01.wp-block-kadence-advancedgallery .kt-blocks-carousel{overflow:visible;}<\/style><div class=\"kb-gallery-wrap-id-340_473e9d-01 alignnone wp-block-kadence-advancedgallery\"><div class=\"kb-gallery-ul kb-gallery-non-static kb-gallery-type-carousel kb-gallery-id-340_473e9d-01 kb-gallery-caption-style-bottom-hover kb-gallery-filter-none kb-gallery-magnific-init\" data-image-filter=\"none\" data-lightbox-caption=\"false\"><div class=\"kt-blocks-carousel splide kt-carousel-container-dotstyle-dark kt-carousel-arrowstyle-whiteondark kt-carousel-dotstyle-dark kb-slider-group-arrow kb-slider-arrow-position-center\" data-columns-xxl=\"3\" data-columns-xl=\"3\" data-columns-md=\"3\" data-columns-sm=\"2\" data-columns-xs=\"1\" data-columns-ss=\"1\" data-slider-anim-speed=\"400\" data-slider-scroll=\"1\" data-slider-arrows=\"true\" data-slider-dots=\"true\" data-slider-hover-pause=\"false\" data-slider-auto=\"1\" data-slider-speed=\"3260\" data-slider-gap=\"0px\" data-slider-gap-tablet=\"0px\" data-slider-gap-mobile=\"0px\" data-show-pause-button=\"false\" data-slider-label=\"Photo Gallery Carousel\"><div class=\"splide__track\"><ul class=\"kt-blocks-carousel-init kb-gallery-carousel splide__list\"><li class=\"kb-slide-item kb-gallery-carousel-item splide__slide\"><div class=\"kadence-blocks-gallery-item\"><div class=\"kadence-blocks-gallery-item-inner\"><figure class=\"kb-gallery-figure kb-gallery-item-has-link kadence-blocks-gallery-item-hide-caption\"><a href=\"https:\/\/everywherecode.com\/wp-content\/uploads\/2026\/04\/over-2.jpg\" data-alt=\"game screen2\" class=\"kb-gallery-item-link\"   role=\"button\" aria-haspopup=\"dialog\"><div class=\"kb-gal-image-radius\"><div class=\"kb-gallery-image-contain kadence-blocks-gallery-intrinsic kb-gallery-image-ratio-inherit kb-has-image-ratio-inherit\" ><img decoding=\"async\" src=\"https:\/\/everywherecode.com\/wp-content\/uploads\/2026\/04\/over-2.jpg\" width=\"590\" height=\"998\" alt=\"game screen2\" data-full-image=\"https:\/\/everywherecode.com\/wp-content\/uploads\/2026\/04\/over-2.jpg\" data-light-image=\"https:\/\/everywherecode.com\/wp-content\/uploads\/2026\/04\/over-2.jpg\" data-id=\"371\" class=\"wp-image-371 skip-lazy\" srcset=\"https:\/\/everywherecode.com\/wp-content\/uploads\/2026\/04\/over-2.jpg 590w, https:\/\/everywherecode.com\/wp-content\/uploads\/2026\/04\/over-2-177x300.jpg 177w, https:\/\/everywherecode.com\/wp-content\/uploads\/2026\/04\/over-2-7x12.jpg 7w\" sizes=\"(max-width: 590px) 100vw, 590px\" \/><\/div><\/div><\/a><\/figure><\/div><\/div><\/li><li class=\"kb-slide-item kb-gallery-carousel-item splide__slide\"><div class=\"kadence-blocks-gallery-item\"><div class=\"kadence-blocks-gallery-item-inner\"><figure class=\"kb-gallery-figure kb-gallery-item-has-link kadence-blocks-gallery-item-hide-caption\"><a href=\"https:\/\/everywherecode.com\/wp-content\/uploads\/2026\/04\/over-1.jpg\" data-alt=\"game screen1\" class=\"kb-gallery-item-link\"   role=\"button\" aria-haspopup=\"dialog\"><div class=\"kb-gal-image-radius\"><div class=\"kb-gallery-image-contain kadence-blocks-gallery-intrinsic kb-gallery-image-ratio-inherit kb-has-image-ratio-inherit\" ><img decoding=\"async\" src=\"https:\/\/everywherecode.com\/wp-content\/uploads\/2026\/04\/over-1.jpg\" width=\"590\" height=\"1001\" alt=\"game screen1\" data-full-image=\"https:\/\/everywherecode.com\/wp-content\/uploads\/2026\/04\/over-1.jpg\" data-light-image=\"https:\/\/everywherecode.com\/wp-content\/uploads\/2026\/04\/over-1.jpg\" data-id=\"370\" class=\"wp-image-370 skip-lazy\" srcset=\"https:\/\/everywherecode.com\/wp-content\/uploads\/2026\/04\/over-1.jpg 590w, https:\/\/everywherecode.com\/wp-content\/uploads\/2026\/04\/over-1-177x300.jpg 177w, https:\/\/everywherecode.com\/wp-content\/uploads\/2026\/04\/over-1-7x12.jpg 7w\" sizes=\"(max-width: 590px) 100vw, 590px\" \/><\/div><\/div><\/a><\/figure><\/div><\/div><\/li><li class=\"kb-slide-item kb-gallery-carousel-item splide__slide\"><div class=\"kadence-blocks-gallery-item\"><div class=\"kadence-blocks-gallery-item-inner\"><figure class=\"kb-gallery-figure kb-gallery-item-has-link kadence-blocks-gallery-item-hide-caption\"><a href=\"https:\/\/everywherecode.com\/wp-content\/uploads\/2026\/04\/over-4.jpg\" data-alt=\"game screen3\" class=\"kb-gallery-item-link\"   role=\"button\" aria-haspopup=\"dialog\"><div class=\"kb-gal-image-radius\"><div class=\"kb-gallery-image-contain kadence-blocks-gallery-intrinsic kb-gallery-image-ratio-inherit kb-has-image-ratio-inherit\" ><img decoding=\"async\" src=\"https:\/\/everywherecode.com\/wp-content\/uploads\/2026\/04\/over-4.jpg\" width=\"587\" height=\"999\" alt=\"game screen3\" data-full-image=\"https:\/\/everywherecode.com\/wp-content\/uploads\/2026\/04\/over-4.jpg\" data-light-image=\"https:\/\/everywherecode.com\/wp-content\/uploads\/2026\/04\/over-4.jpg\" data-id=\"372\" class=\"wp-image-372 skip-lazy\" srcset=\"https:\/\/everywherecode.com\/wp-content\/uploads\/2026\/04\/over-4.jpg 587w, https:\/\/everywherecode.com\/wp-content\/uploads\/2026\/04\/over-4-176x300.jpg 176w, https:\/\/everywherecode.com\/wp-content\/uploads\/2026\/04\/over-4-7x12.jpg 7w\" sizes=\"(max-width: 587px) 100vw, 587px\" \/><\/div><\/div><\/a><\/figure><\/div><\/div><\/li><li class=\"kb-slide-item kb-gallery-carousel-item splide__slide\"><div class=\"kadence-blocks-gallery-item\"><div class=\"kadence-blocks-gallery-item-inner\"><figure class=\"kb-gallery-figure kb-gallery-item-has-link kadence-blocks-gallery-item-hide-caption\"><a href=\"https:\/\/everywherecode.com\/wp-content\/uploads\/2026\/04\/over-5.jpg\" data-alt=\"game screen4\" class=\"kb-gallery-item-link\"   role=\"button\" aria-haspopup=\"dialog\"><div class=\"kb-gal-image-radius\"><div class=\"kb-gallery-image-contain kadence-blocks-gallery-intrinsic kb-gallery-image-ratio-inherit kb-has-image-ratio-inherit\" ><img decoding=\"async\" src=\"https:\/\/everywherecode.com\/wp-content\/uploads\/2026\/04\/over-5.jpg\" width=\"590\" height=\"998\" alt=\"game screen4\" data-full-image=\"https:\/\/everywherecode.com\/wp-content\/uploads\/2026\/04\/over-5.jpg\" data-light-image=\"https:\/\/everywherecode.com\/wp-content\/uploads\/2026\/04\/over-5.jpg\" data-id=\"373\" class=\"wp-image-373 skip-lazy\" srcset=\"https:\/\/everywherecode.com\/wp-content\/uploads\/2026\/04\/over-5.jpg 590w, https:\/\/everywherecode.com\/wp-content\/uploads\/2026\/04\/over-5-177x300.jpg 177w, https:\/\/everywherecode.com\/wp-content\/uploads\/2026\/04\/over-5-7x12.jpg 7w\" sizes=\"(max-width: 590px) 100vw, 590px\" \/><\/div><\/div><\/a><\/figure><\/div><\/div><\/li><li class=\"kb-slide-item kb-gallery-carousel-item splide__slide\"><div class=\"kadence-blocks-gallery-item\"><div class=\"kadence-blocks-gallery-item-inner\"><figure class=\"kb-gallery-figure kb-gallery-item-has-link kadence-blocks-gallery-item-hide-caption\"><a href=\"https:\/\/everywherecode.com\/wp-content\/uploads\/2026\/04\/over-6.jpg\" data-alt=\"game screen5\" class=\"kb-gallery-item-link\"   role=\"button\" aria-haspopup=\"dialog\"><div class=\"kb-gal-image-radius\"><div class=\"kb-gallery-image-contain kadence-blocks-gallery-intrinsic kb-gallery-image-ratio-inherit kb-has-image-ratio-inherit\" ><img decoding=\"async\" src=\"https:\/\/everywherecode.com\/wp-content\/uploads\/2026\/04\/over-6.jpg\" width=\"586\" height=\"1003\" alt=\"game screen5\" data-full-image=\"https:\/\/everywherecode.com\/wp-content\/uploads\/2026\/04\/over-6.jpg\" data-light-image=\"https:\/\/everywherecode.com\/wp-content\/uploads\/2026\/04\/over-6.jpg\" data-id=\"374\" class=\"wp-image-374 skip-lazy\" srcset=\"https:\/\/everywherecode.com\/wp-content\/uploads\/2026\/04\/over-6.jpg 586w, https:\/\/everywherecode.com\/wp-content\/uploads\/2026\/04\/over-6-175x300.jpg 175w, https:\/\/everywherecode.com\/wp-content\/uploads\/2026\/04\/over-6-7x12.jpg 7w\" sizes=\"(max-width: 586px) 100vw, 586px\" \/><\/div><\/div><\/a><\/figure><\/div><\/div><\/li><li class=\"kb-slide-item kb-gallery-carousel-item splide__slide\"><div class=\"kadence-blocks-gallery-item\"><div class=\"kadence-blocks-gallery-item-inner\"><figure class=\"kb-gallery-figure kb-gallery-item-has-link kadence-blocks-gallery-item-hide-caption\"><a href=\"https:\/\/everywherecode.com\/wp-content\/uploads\/2026\/04\/over-7.jpg\" data-alt=\"game screen6\" class=\"kb-gallery-item-link\"   role=\"button\" aria-haspopup=\"dialog\"><div class=\"kb-gal-image-radius\"><div class=\"kb-gallery-image-contain kadence-blocks-gallery-intrinsic kb-gallery-image-ratio-inherit kb-has-image-ratio-inherit\" ><img decoding=\"async\" src=\"https:\/\/everywherecode.com\/wp-content\/uploads\/2026\/04\/over-7.jpg\" width=\"589\" height=\"999\" alt=\"game screen6\" data-full-image=\"https:\/\/everywherecode.com\/wp-content\/uploads\/2026\/04\/over-7.jpg\" data-light-image=\"https:\/\/everywherecode.com\/wp-content\/uploads\/2026\/04\/over-7.jpg\" data-id=\"375\" class=\"wp-image-375 skip-lazy\" srcset=\"https:\/\/everywherecode.com\/wp-content\/uploads\/2026\/04\/over-7.jpg 589w, https:\/\/everywherecode.com\/wp-content\/uploads\/2026\/04\/over-7-177x300.jpg 177w, https:\/\/everywherecode.com\/wp-content\/uploads\/2026\/04\/over-7-7x12.jpg 7w\" sizes=\"(max-width: 589px) 100vw, 589px\" \/><\/div><\/div><\/a><\/figure><\/div><\/div><\/li><li class=\"kb-slide-item kb-gallery-carousel-item splide__slide\"><div class=\"kadence-blocks-gallery-item\"><div class=\"kadence-blocks-gallery-item-inner\"><figure class=\"kb-gallery-figure kb-gallery-item-has-link kadence-blocks-gallery-item-hide-caption\"><a href=\"https:\/\/everywherecode.com\/wp-content\/uploads\/2026\/04\/over-8.jpg\" data-alt=\"game screen7\" class=\"kb-gallery-item-link\"   role=\"button\" aria-haspopup=\"dialog\"><div class=\"kb-gal-image-radius\"><div class=\"kb-gallery-image-contain kadence-blocks-gallery-intrinsic kb-gallery-image-ratio-inherit kb-has-image-ratio-inherit\" ><img decoding=\"async\" src=\"https:\/\/everywherecode.com\/wp-content\/uploads\/2026\/04\/over-8.jpg\" width=\"586\" height=\"998\" alt=\"game screen7\" data-full-image=\"https:\/\/everywherecode.com\/wp-content\/uploads\/2026\/04\/over-8.jpg\" data-light-image=\"https:\/\/everywherecode.com\/wp-content\/uploads\/2026\/04\/over-8.jpg\" data-id=\"376\" class=\"wp-image-376 skip-lazy\" srcset=\"https:\/\/everywherecode.com\/wp-content\/uploads\/2026\/04\/over-8.jpg 586w, https:\/\/everywherecode.com\/wp-content\/uploads\/2026\/04\/over-8-176x300.jpg 176w, https:\/\/everywherecode.com\/wp-content\/uploads\/2026\/04\/over-8-7x12.jpg 7w\" sizes=\"(max-width: 586px) 100vw, 586px\" \/><\/div><\/div><\/a><\/figure><\/div><\/div><\/li><li class=\"kb-slide-item kb-gallery-carousel-item splide__slide\"><div class=\"kadence-blocks-gallery-item\"><div class=\"kadence-blocks-gallery-item-inner\"><figure class=\"kb-gallery-figure kb-gallery-item-has-link kadence-blocks-gallery-item-hide-caption\"><a href=\"https:\/\/everywherecode.com\/wp-content\/uploads\/2026\/04\/over-9.jpg\" data-alt=\"game screen8\" class=\"kb-gallery-item-link\"   role=\"button\" aria-haspopup=\"dialog\"><div class=\"kb-gal-image-radius\"><div class=\"kb-gallery-image-contain kadence-blocks-gallery-intrinsic kb-gallery-image-ratio-inherit kb-has-image-ratio-inherit\" ><img decoding=\"async\" src=\"https:\/\/everywherecode.com\/wp-content\/uploads\/2026\/04\/over-9.jpg\" width=\"587\" height=\"1006\" alt=\"game screen8\" data-full-image=\"https:\/\/everywherecode.com\/wp-content\/uploads\/2026\/04\/over-9.jpg\" data-light-image=\"https:\/\/everywherecode.com\/wp-content\/uploads\/2026\/04\/over-9.jpg\" data-id=\"377\" class=\"wp-image-377 skip-lazy\" srcset=\"https:\/\/everywherecode.com\/wp-content\/uploads\/2026\/04\/over-9.jpg 587w, https:\/\/everywherecode.com\/wp-content\/uploads\/2026\/04\/over-9-175x300.jpg 175w, https:\/\/everywherecode.com\/wp-content\/uploads\/2026\/04\/over-9-7x12.jpg 7w\" sizes=\"(max-width: 587px) 100vw, 587px\" \/><\/div><\/div><\/a><\/figure><\/div><\/div><\/li><\/ul><\/div><\/div><\/div><\/div>","protected":false},"excerpt":{"rendered":"<p>OverslapWords &#8211; Word Puzzles &#038; Daily Challenges OverslapWords Word Puzzles &#038; Daily Challenges Addictive word puzzles with endless possibilities. Train your brain with OverslapWords. Comming Soon Download on the App Store Get it on Google Play Welcome to the ultimate puzzle experience Where letters connect and minds expand. OverslapWords offers a unique, challenging collection of&#8230;<\/p>","protected":false},"author":1,"featured_media":0,"parent":0,"menu_order":0,"comment_status":"closed","ping_status":"closed","template":"","meta":{"_kad_post_transparent":"","_kad_post_title":"","_kad_post_layout":"","_kad_post_sidebar_id":"","_kad_post_content_style":"","_kad_post_vertical_padding":"","_kad_post_feature":"","_kad_post_feature_position":"","_kad_post_header":false,"_kad_post_footer":false,"_kad_post_classname":"","footnotes":""},"class_list":["post-340","page","type-page","status-publish","hentry"],"_links":{"self":[{"href":"https:\/\/everywherecode.com\/es\/wp-json\/wp\/v2\/pages\/340","targetHints":{"allow":["GET"]}}],"collection":[{"href":"https:\/\/everywherecode.com\/es\/wp-json\/wp\/v2\/pages"}],"about":[{"href":"https:\/\/everywherecode.com\/es\/wp-json\/wp\/v2\/types\/page"}],"author":[{"embeddable":true,"href":"https:\/\/everywherecode.com\/es\/wp-json\/wp\/v2\/users\/1"}],"replies":[{"embeddable":true,"href":"https:\/\/everywherecode.com\/es\/wp-json\/wp\/v2\/comments?post=340"}],"version-history":[{"count":26,"href":"https:\/\/everywherecode.com\/es\/wp-json\/wp\/v2\/pages\/340\/revisions"}],"predecessor-version":[{"id":387,"href":"https:\/\/everywherecode.com\/es\/wp-json\/wp\/v2\/pages\/340\/revisions\/387"}],"wp:attachment":[{"href":"https:\/\/everywherecode.com\/es\/wp-json\/wp\/v2\/media?parent=340"}],"curies":[{"name":"wp","href":"https:\/\/api.w.org\/{rel}","templated":true}]}}